{"id":2753,"date":"2025-11-25T06:19:10","date_gmt":"2025-11-25T06:19:10","guid":{"rendered":"https:\/\/hotelcaliforniahanoi.com\/?page_id=2753"},"modified":"2025-11-25T06:19:11","modified_gmt":"2025-11-25T06:19:11","slug":"payment-methods","status":"publish","type":"page","link":"https:\/\/hotelcaliforniahanoi.com\/vi\/payment-methods\/","title":{"rendered":"Ch\u00ednh s\u00e1ch thanh to\u00e1n"},"content":{"rendered":"<p><strong>1. Gi\u00e1 c\u1ea3:<\/strong><br>T\u1ea5t c\u1ea3 c\u00e1c m\u1ee9c gi\u00e1 hi\u1ec3n th\u1ecb cho s\u1ea3n ph\u1ea9m kh\u00e1ch s\u1ea1n \u0111\u01b0\u1ee3c b\u00e1o gi\u00e1 b\u1eb1ng Vi\u1ec7t Nam \u0110\u1ed3ng.<\/p>\n\n\n\n<p><strong>2. Ph\u01b0\u01a1ng th\u1ee9c thanh to\u00e1n:<\/strong><br>Kh\u00e1ch h\u00e0ng thanh to\u00e1n t\u1ea1i kh\u00e1ch s\u1ea1n.<\/p>\n\n\n\n<p>Hotelcaliforniahanoi.com lu\u00f4n s\u1eb5n s\u00e0ng h\u1ed7 tr\u1ee3 v\u00e0 gi\u1ea3i \u0111\u00e1p m\u1ecdi th\u1eafc m\u1eafc c\u1ee7a kh\u00e1ch h\u00e0ng \u0111\u1ec3 \u0111\u1ea3m b\u1ea3o qu\u00e1 tr\u00ecnh mua s\u1eafm v\u00e0 thanh to\u00e1n di\u1ec5n ra thu\u1eadn l\u1ee3i nh\u1ea5t.<\/p>","protected":false},"excerpt":{"rendered":"<p>1. \u6599\u91d1\u306b\u3064\u3044\u3066\uff1a\u30db\u30c6\u30eb\u5546\u54c1\u306b\u8868\u793a\u3055\u308c\u308b\u3059\u3079\u3066\u306e\u6599\u91d1\u306f\u3001\u30d9\u30c8\u30ca\u30e0\u30c9\u30f3\uff08VND\uff09\u3067\u63d0\u793a\u3055\u308c\u3066\u3044\u307e\u3059\u3002 2. \u652f [&hellip;]<\/p>","protected":false},"author":1,"featured_media":0,"parent":0,"menu_order":0,"comment_status":"closed","ping_status":"closed","template":"","meta":{"_uag_custom_page_level_css":"","site-sidebar-layout":"default","site-content-layout":"","ast-site-content-layout":"narrow-width-container","site-content-style":"unboxed","site-sidebar-style":"default","ast-global-header-display":"","ast-banner-title-visibility":"","ast-main-header-display":"","ast-hfb-above-header-display":"","ast-hfb-below-header-display":"","ast-hfb-mobile-header-display":"","site-post-title":"","ast-breadcrumbs-content":"","ast-featured-img":"","footer-sml-layout":"","theme-transparent-header-meta":"","adv-header-id-meta":"","stick-header-meta":"","header-above-stick-meta":"","header-main-stick-meta":"","header-below-stick-meta":"","astra-migrate-meta-layouts":"set","ast-page-background-enabled":"default","ast-page-background-meta":{"desktop":{"background-color":"var(--ast-global-color-4)","background-image":"","background-repeat":"repeat","background-position":"center center","background-size":"auto","background-attachment":"scroll","background-type":"","background-media":"","overlay-type":"","overlay-color":"","overlay-opacity":"","overlay-gradient":""},"tablet":{"background-color":"","background-image":"","background-repeat":"repeat","background-position":"center center","background-size":"auto","background-attachment":"scroll","background-type":"","background-media":"","overlay-type":"","overlay-color":"","overlay-opacity":"","overlay-gradient":""},"mobile":{"background-color":"","background-image":"","background-repeat":"repeat","background-position":"center center","background-size":"auto","background-attachment":"scroll","background-type":"","background-media":"","overlay-type":"","overlay-color":"","overlay-opacity":"","overlay-gradient":""}},"ast-content-background-meta":{"desktop":{"background-color":"var(--ast-global-color-5)","background-image":"","background-repeat":"repeat","background-position":"center center","background-size":"auto","background-attachment":"scroll","background-type":"","background-media":"","overlay-type":"","overlay-color":"","overlay-opacity":"","overlay-gradient":""},"tablet":{"background-color":"var(--ast-global-color-5)","background-image":"","background-repeat":"repeat","background-position":"center center","background-size":"auto","background-attachment":"scroll","background-type":"","background-media":"","overlay-type":"","overlay-color":"","overlay-opacity":"","overlay-gradient":""},"mobile":{"background-color":"var(--ast-global-color-5)","background-image":"","background-repeat":"repeat","background-position":"center center","background-size":"auto","background-attachment":"scroll","background-type":"","background-media":"","overlay-type":"","overlay-color":"","overlay-opacity":"","overlay-gradient":""}},"footnotes":""},"class_list":["post-2753","page","type-page","status-publish","hentry"],"uagb_featured_image_src":{"full":false,"thumbnail":false,"medium":false,"medium_large":false,"large":false,"1536x1536":false,"2048x2048":false,"trp-custom-language-flag":false},"uagb_author_info":{"display_name":"admin","author_link":"https:\/\/hotelcaliforniahanoi.com\/vi\/author\/admin\/"},"uagb_comment_info":0,"uagb_excerpt":"1. \u6599\u91d1\u306b\u3064\u3044\u3066\uff1a\u30db\u30c6\u30eb\u5546\u54c1\u306b\u8868\u793a\u3055\u308c\u308b\u3059\u3079\u3066\u306e\u6599\u91d1\u306f\u3001\u30d9\u30c8\u30ca\u30e0\u30c9\u30f3\uff08VND\uff09\u3067\u63d0\u793a\u3055\u308c\u3066\u3044\u307e\u3059\u3002 2. \u652f&hellip;","_links":{"self":[{"href":"https:\/\/hotelcaliforniahanoi.com\/vi\/wp-json\/wp\/v2\/pages\/2753","targetHints":{"allow":["GET"]}}],"collection":[{"href":"https:\/\/hotelcaliforniahanoi.com\/vi\/wp-json\/wp\/v2\/pages"}],"about":[{"href":"https:\/\/hotelcaliforniahanoi.com\/vi\/wp-json\/wp\/v2\/types\/page"}],"author":[{"embeddable":true,"href":"https:\/\/hotelcaliforniahanoi.com\/vi\/wp-json\/wp\/v2\/users\/1"}],"replies":[{"embeddable":true,"href":"https:\/\/hotelcaliforniahanoi.com\/vi\/wp-json\/wp\/v2\/comments?post=2753"}],"version-history":[{"count":1,"href":"https:\/\/hotelcaliforniahanoi.com\/vi\/wp-json\/wp\/v2\/pages\/2753\/revisions"}],"predecessor-version":[{"id":2754,"href":"https:\/\/hotelcaliforniahanoi.com\/vi\/wp-json\/wp\/v2\/pages\/2753\/revisions\/2754"}],"wp:attachment":[{"href":"https:\/\/hotelcaliforniahanoi.com\/vi\/wp-json\/wp\/v2\/media?parent=2753"}],"curies":[{"name":"wp","href":"https:\/\/api.w.org\/{rel}","templated":true}]}}