{"id":2749,"date":"2025-11-25T06:07:34","date_gmt":"2025-11-25T06:07:34","guid":{"rendered":"https:\/\/hotelcaliforniahanoi.com\/?page_id=2749"},"modified":"2025-11-25T06:07:36","modified_gmt":"2025-11-25T06:07:36","slug":"shipping-policy","status":"publish","type":"page","link":"https:\/\/hotelcaliforniahanoi.com\/vi\/shipping-policy\/","title":{"rendered":"Ch\u00ednh s\u00e1ch giao h\u00e0ng"},"content":{"rendered":"<p class=\"translation-block\">T\u1ea5t c\u1ea3 s\u1ea3n ph\u1ea9m, d\u1ecbch v\u1ee5 \u0111\u01b0\u1ee3c giao d\u1ecbch tr\u00ean website Hotelcaliforniahanoi.com \u1edf d\u1ea1ng ch\u1ee9ng t\u1eeb \u0111i\u1ec7n t\u1eed (x\u00e1c nh\u1eadn \u0111\u1eb7t ph\u00f2ng kh\u00e1ch s\u1ea1n \u0111i\u1ec7n t\u1eed\/hotel e-voucher ho\u1eb7c hotel confirmation, \u2026) \u0111\u01b0\u1ee3c Hotelcaliforniahanoi.comgiao cho ng\u01b0\u1eddi mua th\u00f4ng qua th\u01b0 \u0111i\u1ec7n t\u1eed (email) m\u00e0 ng\u01b0\u1eddi mua cung c\u1ea5p khi th\u1ef1c hi\u1ec7n giao d\u1ecbch tr\u00ean website Hotelcaliforniahanoi.com.<\/p>\n\n\n\n<p class=\"translation-block\">Ng\u01b0\u1eddi mua \u0111\u1ea3m b\u1ea3o cung c\u1ea5p ch\u00ednh x\u00e1c c\u00e1c th\u00f4ng tin li\u00ean l\u1ea1c v\u00e0 \u0111\u1ecba ch\u1ec9 th\u01b0 \u0111i\u1ec7n t\u1eed \u0111\u1ec3 nh\u1eadn c\u00e1c th\u00f4ng tin x\u00e1c nh\u1eadn d\u1ecbch v\u1ee5 t\u1eeb Hotelcaliforniahanoi.com. Ch\u00fang t\u00f4i kh\u00f4ng ch\u1ecbu tr\u00e1ch nhi\u1ec7m cho b\u1ea5t c\u1ee9 ph\u00e1t sinh n\u00e0o do ng\u01b0\u1eddi mua cung c\u1ea5p sai th\u00f4ng tin li\u00ean l\u1ea1c v\u00e0 \u0111\u1ecba ch\u1ec9 th\u01b0 \u0111i\u1ec7n t\u1eed d\u1eabn \u0111\u1ebfn vi\u1ec7c kh\u00f4ng nh\u1eadn \u0111\u01b0\u1ee3c v\u00e9\/x\u00e1c nh\u1eadn d\u1ecbch v\u1ee5 v\u00e0 c\u00e1c th\u00f4ng tin quan tr\u1ecdng \u0111\u01b0\u1ee3c c\u1eadp nh\u1eadt li\u00ean quan \u0111\u1ebfn d\u1ecbch v\u1ee5 \u0111\u00e3 mua.<\/p>\n\n\n\n<p class=\"translation-block\">C\u00e1c h\u00ecnh th\u1ee9c giao h\u00e0ng kh\u00e1c (n\u1ebfu c\u00f3) s\u1ebd \u0111\u01b0\u1ee3c Hotelcaliforniahanoi.comv\u00e0 ng\u01b0\u1eddi mua th\u01b0\u01a1ng l\u01b0\u1ee3ng v\u00e0 th\u1ecfa thu\u1eadn khi c\u00f3 ph\u00e1t sinh nhu c\u1ea7u. Chi ph\u00ed ph\u00e1t sinh cho c\u00e1c h\u00ecnh th\u1ee9c giao h\u00e0ng n\u00e0y (n\u1ebfu c\u00f3) s\u1ebd do hai b\u00ean c\u00f9ng th\u01b0\u01a1ng l\u01b0\u1ee3ng v\u00e0 th\u1ed1ng nh\u1ea5t b\u1eb1ng v\u0103n b\u1ea3n\/tin nh\u1eafn\/email.<\/p>\n\n\n\n<p>N\u1ebfu kh\u00e1ch h\u00e0ng c\u00f3 b\u1ea5t k\u1ef3 c\u00e2u h\u1ecfi ho\u1eb7c th\u1eafc m\u1eafc n\u00e0o v\u1ec1 ch\u00ednh s\u00e1ch v\u1eadn chuy\u1ec3n ho\u1eb7c \u0111\u01a1n h\u00e0ng c\u1ee7a kh\u00e1ch h\u00e0ng, vui l\u00f2ng li\u00ean h\u1ec7 v\u1edbi b\u1ed9 ph\u1eadn d\u1ecbch v\u1ee5 kh\u00e1ch h\u00e0ng c\u1ee7a ch\u00fang t\u00f4i qua s\u1ed1 \u0111i\u1ec7n tho\u1ea1i<br><strong>0903404720 ho\u1eb7c 0869363033<\/strong><br>Ch\u00fang t\u00f4i s\u1ebd r\u1ea5t vui l\u00f2ng h\u1ed7 tr\u1ee3 gi\u1ea3i \u0111\u00e1p.<\/p>\n\n\n\n<p>Ch\u00fang t\u00f4i hy v\u1ecdng r\u1eb1ng ch\u00ednh s\u00e1ch giao h\u00e0ng c\u1ee7a ch\u00fang t\u00f4i s\u1ebd gi\u00fap kh\u00e1ch h\u00e0ng c\u00f3 tr\u1ea3i nghi\u1ec7m \u0111\u1eb7t d\u1ecbch v\u1ee5 l\u01b0u tr\u00fa tr\u1ef1c tuy\u1ebfn d\u1ec5 d\u00e0ng v\u00e0 ti\u1ec7n l\u1ee3i nh\u1ea5t.<\/p>","protected":false},"excerpt":{"rendered":"<p>Hotelcaliforniahanoi.com \u306e\u30a6\u30a7\u30d6\u30b5\u30a4\u30c8\u3067\u53d6\u5f15\u3055\u308c\u308b\u3059\u3079\u3066\u306e\u88fd\u54c1\u30fb\u30b5\u30fc\u30d3\u30b9\u306f\u3001\u96fb\u5b50\u30d0\u30a6 [&hellip;]<\/p>","protected":false},"author":1,"featured_media":0,"parent":0,"menu_order":0,"comment_status":"closed","ping_status":"closed","template":"","meta":{"_uag_custom_page_level_css":"","site-sidebar-layout":"default","site-content-layout":"","ast-site-content-layout":"narrow-width-container","site-content-style":"unboxed","site-sidebar-style":"default","ast-global-header-display":"","ast-banner-title-visibility":"","ast-main-header-display":"","ast-hfb-above-header-display":"","ast-hfb-below-header-display":"","ast-hfb-mobile-header-display":"","site-post-title":"","ast-breadcrumbs-content":"","ast-featured-img":"","footer-sml-layout":"","theme-transparent-header-meta":"","adv-header-id-meta":"","stick-header-meta":"","header-above-stick-meta":"","header-main-stick-meta":"","header-below-stick-meta":"","astra-migrate-meta-layouts":"set","ast-page-background-enabled":"default","ast-page-background-meta":{"desktop":{"background-color":"var(--ast-global-color-4)","background-image":"","background-repeat":"repeat","background-position":"center center","background-size":"auto","background-attachment":"scroll","background-type":"","background-media":"","overlay-type":"","overlay-color":"","overlay-opacity":"","overlay-gradient":""},"tablet":{"background-color":"","background-image":"","background-repeat":"repeat","background-position":"center center","background-size":"auto","background-attachment":"scroll","background-type":"","background-media":"","overlay-type":"","overlay-color":"","overlay-opacity":"","overlay-gradient":""},"mobile":{"background-color":"","background-image":"","background-repeat":"repeat","background-position":"center center","background-size":"auto","background-attachment":"scroll","background-type":"","background-media":"","overlay-type":"","overlay-color":"","overlay-opacity":"","overlay-gradient":""}},"ast-content-background-meta":{"desktop":{"background-color":"var(--ast-global-color-5)","background-image":"","background-repeat":"repeat","background-position":"center center","background-size":"auto","background-attachment":"scroll","background-type":"","background-media":"","overlay-type":"","overlay-color":"","overlay-opacity":"","overlay-gradient":""},"tablet":{"background-color":"var(--ast-global-color-5)","background-image":"","background-repeat":"repeat","background-position":"center center","background-size":"auto","background-attachment":"scroll","background-type":"","background-media":"","overlay-type":"","overlay-color":"","overlay-opacity":"","overlay-gradient":""},"mobile":{"background-color":"var(--ast-global-color-5)","background-image":"","background-repeat":"repeat","background-position":"center center","background-size":"auto","background-attachment":"scroll","background-type":"","background-media":"","overlay-type":"","overlay-color":"","overlay-opacity":"","overlay-gradient":""}},"footnotes":""},"class_list":["post-2749","page","type-page","status-publish","hentry"],"uagb_featured_image_src":{"full":false,"thumbnail":false,"medium":false,"medium_large":false,"large":false,"1536x1536":false,"2048x2048":false,"trp-custom-language-flag":false},"uagb_author_info":{"display_name":"admin","author_link":"https:\/\/hotelcaliforniahanoi.com\/vi\/author\/admin\/"},"uagb_comment_info":0,"uagb_excerpt":"Hotelcaliforniahanoi.com \u306e\u30a6\u30a7\u30d6\u30b5\u30a4\u30c8\u3067\u53d6\u5f15\u3055\u308c\u308b\u3059\u3079\u3066\u306e\u88fd\u54c1\u30fb\u30b5\u30fc\u30d3\u30b9\u306f\u3001\u96fb\u5b50\u30d0\u30a6&hellip;","_links":{"self":[{"href":"https:\/\/hotelcaliforniahanoi.com\/vi\/wp-json\/wp\/v2\/pages\/2749","targetHints":{"allow":["GET"]}}],"collection":[{"href":"https:\/\/hotelcaliforniahanoi.com\/vi\/wp-json\/wp\/v2\/pages"}],"about":[{"href":"https:\/\/hotelcaliforniahanoi.com\/vi\/wp-json\/wp\/v2\/types\/page"}],"author":[{"embeddable":true,"href":"https:\/\/hotelcaliforniahanoi.com\/vi\/wp-json\/wp\/v2\/users\/1"}],"replies":[{"embeddable":true,"href":"https:\/\/hotelcaliforniahanoi.com\/vi\/wp-json\/wp\/v2\/comments?post=2749"}],"version-history":[{"count":1,"href":"https:\/\/hotelcaliforniahanoi.com\/vi\/wp-json\/wp\/v2\/pages\/2749\/revisions"}],"predecessor-version":[{"id":2750,"href":"https:\/\/hotelcaliforniahanoi.com\/vi\/wp-json\/wp\/v2\/pages\/2749\/revisions\/2750"}],"wp:attachment":[{"href":"https:\/\/hotelcaliforniahanoi.com\/vi\/wp-json\/wp\/v2\/media?parent=2749"}],"curies":[{"name":"wp","href":"https:\/\/api.w.org\/{rel}","templated":true}]}}