{"id":2725,"date":"2025-11-25T04:16:33","date_gmt":"2025-11-25T04:16:33","guid":{"rendered":"https:\/\/hotelcaliforniahanoi.com\/?page_id=2725"},"modified":"2025-11-25T06:02:27","modified_gmt":"2025-11-25T06:02:27","slug":"purchase-guide","status":"publish","type":"page","link":"https:\/\/hotelcaliforniahanoi.com\/vi\/purchase-guide\/","title":{"rendered":"H\u01b0\u1edbng d\u1eabn mua h\u00e0ng"},"content":{"rendered":"<p><strong>B\u01b0\u1edbc 1: Truy c\u1eadp trang web<\/strong><\/p>\n\n\n\n<p class=\"translation-block\">Truy c\u1eadp trang web Hotelcaliforniahanoi.com\nM\u00e0n h\u00ecnh trang ch\u1ee7 s\u1ebd hi\u1ec7n ra nh\u01b0 sau:<\/p>\n\n\n\n<div class=\"wp-block-uagb-image uagb-block-92d72877 wp-block-uagb-image--layout-default wp-block-uagb-image--effect-static wp-block-uagb-image--align-none\"><figure class=\"wp-block-uagb-image__figure\"><img decoding=\"async\" srcset=\"https:\/\/hotelcaliforniahanoi.com\/wp-content\/uploads\/2025\/11\/g1.png ,https:\/\/hotelcaliforniahanoi.com\/wp-content\/uploads\/2025\/11\/g1.png 780w, https:\/\/hotelcaliforniahanoi.com\/wp-content\/uploads\/2025\/11\/g1.png 360w\" sizes=\"auto, (max-width: 480px) 150px\" src=\"https:\/\/hotelcaliforniahanoi.com\/wp-content\/uploads\/2025\/11\/g1.png\" alt=\"\" class=\"uag-image-2727\" width=\"1863\" height=\"752\" title=\"g1\" loading=\"lazy\" role=\"img\"\/><\/figure><\/div>\n\n\n\n<p><\/p>\n\n\n\n<p><strong>B\u01b0\u1edbc 2: \u0110\u1eb7t ph\u00f2ng l\u01b0u tr\u00fa<\/strong><\/p>\n\n\n\n<p>Kh\u00e1ch h\u00e0ng ch\u1ecdn m\u1ee5c \u201c\u0110\u1eb7t ph\u00f2ng\u201d \u0111\u1ec3 \u0111\u1eb7t d\u1ecbch v\u1ee5<\/p>\n\n\n\n<div class=\"wp-block-uagb-image uagb-block-c357c8c7 wp-block-uagb-image--layout-default wp-block-uagb-image--effect-static wp-block-uagb-image--align-none\"><figure class=\"wp-block-uagb-image__figure\"><img decoding=\"async\" srcset=\"https:\/\/hotelcaliforniahanoi.com\/wp-content\/uploads\/2025\/11\/g2.jpg ,https:\/\/hotelcaliforniahanoi.com\/wp-content\/uploads\/2025\/11\/g2.jpg 780w, https:\/\/hotelcaliforniahanoi.com\/wp-content\/uploads\/2025\/11\/g2.jpg 360w\" sizes=\"auto, (max-width: 480px) 150px\" src=\"https:\/\/hotelcaliforniahanoi.com\/wp-content\/uploads\/2025\/11\/g2.jpg\" alt=\"\" class=\"uag-image-2729\" width=\"342\" height=\"211\" title=\"g2\" loading=\"lazy\" role=\"img\"\/><\/figure><\/div>\n\n\n\n<p><\/p>\n\n\n\n<p><strong>B\u01b0\u1edbc 3: Ch\u1ecdn ph\u00f2ng<\/strong><\/p>\n\n\n\n<ul class=\"wp-block-list\">\n<li>L\u1ef1a ch\u1ecdn \u0111\u1ed1i t\u01b0\u1ee3ng \u0111\u1eb7t ph\u00f2ng<\/li>\n<\/ul>\n\n\n\n<div class=\"wp-block-uagb-image uagb-block-01811db0 wp-block-uagb-image--layout-default wp-block-uagb-image--effect-static wp-block-uagb-image--align-none\"><figure class=\"wp-block-uagb-image__figure\"><img decoding=\"async\" srcset=\"https:\/\/hotelcaliforniahanoi.com\/wp-content\/uploads\/2025\/11\/g3.jpg ,https:\/\/hotelcaliforniahanoi.com\/wp-content\/uploads\/2025\/11\/g3.jpg 780w, https:\/\/hotelcaliforniahanoi.com\/wp-content\/uploads\/2025\/11\/g3.jpg 360w\" sizes=\"auto, (max-width: 480px) 150px\" src=\"https:\/\/hotelcaliforniahanoi.com\/wp-content\/uploads\/2025\/11\/g3.jpg\" alt=\"\" class=\"uag-image-2730\" width=\"492\" height=\"125\" title=\"g3\" loading=\"lazy\" role=\"img\"\/><\/figure><\/div>\n\n\n\n<p><\/p>\n\n\n\n<p>Kh\u00e1ch h\u00e0ng ch\u1ecdn ng\u00e0y l\u01b0u tr\u00fa, s\u1ed1 l\u01b0\u1ee3ng kh\u00e1ch v\u00e0 ph\u00f2ng ph\u00f9 h\u1ee3p v\u1edbi nhu c\u1ea7u, xong nh\u1ea5n \u201cT\u00ecm ki\u1ebfm\u201d.<\/p>\n\n\n\n<div class=\"wp-block-uagb-image uagb-block-42715c2c wp-block-uagb-image--layout-default wp-block-uagb-image--effect-static wp-block-uagb-image--align-none\"><figure class=\"wp-block-uagb-image__figure\"><img decoding=\"async\" srcset=\"https:\/\/hotelcaliforniahanoi.com\/wp-content\/uploads\/2025\/11\/g5.png ,https:\/\/hotelcaliforniahanoi.com\/wp-content\/uploads\/2025\/11\/g5.png 780w, https:\/\/hotelcaliforniahanoi.com\/wp-content\/uploads\/2025\/11\/g5.png 360w\" sizes=\"auto, (max-width: 480px) 150px\" src=\"https:\/\/hotelcaliforniahanoi.com\/wp-content\/uploads\/2025\/11\/g5.png\" alt=\"\" class=\"uag-image-2731\" width=\"543\" height=\"861\" title=\"g5\" loading=\"lazy\" role=\"img\"\/><\/figure><\/div>\n\n\n\n<p><\/p>\n\n\n\n<p>Kh\u00e1ch h\u00e0ng th\u00f4ng tin c\u00e1c ph\u00f2ng l\u01b0u tr\u00fa \u0111\u01b0\u1ee3c h\u1ec7 th\u1ed1ng \u0111\u1ec1 xu\u1ea5t &gt;&gt; \u1ea5n ch\u1ecdn \u201c\u0110\u1eb7t ngay\u201d \u0111\u1ec3 chuy\u1ec3n sang b\u01b0\u1edbc Thanh to\u00e1n<\/p>\n\n\n\n<div class=\"wp-block-uagb-image uagb-block-b9c9b288 wp-block-uagb-image--layout-default wp-block-uagb-image--effect-static wp-block-uagb-image--align-none\"><figure class=\"wp-block-uagb-image__figure\"><img decoding=\"async\" srcset=\"https:\/\/hotelcaliforniahanoi.com\/wp-content\/uploads\/2025\/11\/g6-1024x767.png ,https:\/\/hotelcaliforniahanoi.com\/wp-content\/uploads\/2025\/11\/g6.png 780w, https:\/\/hotelcaliforniahanoi.com\/wp-content\/uploads\/2025\/11\/g6.png 360w\" sizes=\"auto, (max-width: 480px) 150px\" src=\"https:\/\/hotelcaliforniahanoi.com\/wp-content\/uploads\/2025\/11\/g6-1024x767.png\" alt=\"\" class=\"uag-image-2732\" width=\"1029\" height=\"771\" title=\"g6\" loading=\"lazy\" role=\"img\"\/><\/figure><\/div>\n\n\n\n<p><\/p>\n\n\n\n<p><strong>B\u01b0\u1edbc 4: X\u00e1c nh\u1eadn \u0111\u1eb7t ph\u00f2ng<\/strong><\/p>\n\n\n\n<ul class=\"wp-block-list\">\n<li>Kh\u00e1ch h\u00e0ng ki\u1ec3m tra th\u00f4ng tin \u0111\u1eb7t ph\u00f2ng, m\u1ee9c gi\u00e1, c\u00e1c d\u1ecbch v\u1ee5 b\u1ed5 sung v\u00e0 quy \u0111\u1ecbnh ch\u00ednh s\u00e1ch \u0111\u1eb7t ph\u00f2ng<\/li>\n\n\n\n<li>Sau khi \u0111\u1ecdc k\u1ef9 th\u00f4ng tin, thao t\u00e1c ch\u1ecdn \u201cTi\u1ebfp t\u1ee5c nh\u1eadp th\u00f4ng tin kh\u00e1ch\u201d \u0111\u1ec3 chuy\u1ec3n sang b\u01b0\u1edbc ti\u1ebfp theo<\/li>\n<\/ul>\n\n\n\n<div class=\"wp-block-uagb-image uagb-block-393faca4 wp-block-uagb-image--layout-default wp-block-uagb-image--effect-static wp-block-uagb-image--align-none\"><figure class=\"wp-block-uagb-image__figure\"><img decoding=\"async\" srcset=\"https:\/\/hotelcaliforniahanoi.com\/wp-content\/uploads\/2025\/11\/g7.png ,https:\/\/hotelcaliforniahanoi.com\/wp-content\/uploads\/2025\/11\/g7.png 780w, https:\/\/hotelcaliforniahanoi.com\/wp-content\/uploads\/2025\/11\/g7.png 360w\" sizes=\"auto, (max-width: 480px) 150px\" src=\"https:\/\/hotelcaliforniahanoi.com\/wp-content\/uploads\/2025\/11\/g7.png\" alt=\"\" class=\"uag-image-2736\" width=\"1029\" height=\"771\" title=\"g7\" loading=\"lazy\" role=\"img\"\/><\/figure><\/div>\n\n\n\n<p><\/p>\n\n\n\n<p>\u0110i\u1ec1n th\u00f4ng tin email v\u00e0 c\u00e1c y\u00eau c\u1ea7u th\u00eam (n\u1ebfu c\u00f3) \u0111\u1ec3 chuy\u1ec3n sang b\u01b0\u1edbc x\u00e1c nh\u1eadn \u0111\u1eb7t ch\u1ed7<\/p>\n\n\n\n<div class=\"wp-block-uagb-image uagb-block-03c4ace2 wp-block-uagb-image--layout-default wp-block-uagb-image--effect-static wp-block-uagb-image--align-none\"><figure class=\"wp-block-uagb-image__figure\"><img decoding=\"async\" srcset=\"https:\/\/hotelcaliforniahanoi.com\/wp-content\/uploads\/2025\/11\/g8.png ,https:\/\/hotelcaliforniahanoi.com\/wp-content\/uploads\/2025\/11\/g8.png 780w, https:\/\/hotelcaliforniahanoi.com\/wp-content\/uploads\/2025\/11\/g8.png 360w\" sizes=\"auto, (max-width: 480px) 150px\" src=\"https:\/\/hotelcaliforniahanoi.com\/wp-content\/uploads\/2025\/11\/g8.png\" alt=\"\" class=\"uag-image-2733\" width=\"658\" height=\"445\" title=\"g8\" loading=\"lazy\" role=\"img\"\/><\/figure><\/div>\n\n\n\n<p><\/p>\n\n\n\n<p>\u0110i\u1ec1n th\u00f4ng tin kh\u00e1ch h\u00e0ng<\/p>\n\n\n\n<div class=\"wp-block-uagb-image uagb-block-cb33ec91 wp-block-uagb-image--layout-default wp-block-uagb-image--effect-static wp-block-uagb-image--align-none\"><figure class=\"wp-block-uagb-image__figure\"><img decoding=\"async\" srcset=\"https:\/\/hotelcaliforniahanoi.com\/wp-content\/uploads\/2025\/11\/g9.png ,https:\/\/hotelcaliforniahanoi.com\/wp-content\/uploads\/2025\/11\/g9.png 780w, https:\/\/hotelcaliforniahanoi.com\/wp-content\/uploads\/2025\/11\/g9.png 360w\" sizes=\"auto, (max-width: 480px) 150px\" src=\"https:\/\/hotelcaliforniahanoi.com\/wp-content\/uploads\/2025\/11\/g9.png\" alt=\"\" class=\"uag-image-2737\" width=\"919\" height=\"872\" title=\"g9\" loading=\"lazy\" role=\"img\"\/><\/figure><\/div>\n\n\n\n<p><\/p>\n\n\n\n<p>Nh\u1eadp th\u00f4ng tin gi\u1edd \u0111\u1ebfn<\/p>\n\n\n\n<div class=\"wp-block-uagb-image uagb-block-88f6fc3d wp-block-uagb-image--layout-default wp-block-uagb-image--effect-static wp-block-uagb-image--align-none\"><figure class=\"wp-block-uagb-image__figure\"><img decoding=\"async\" srcset=\"https:\/\/hotelcaliforniahanoi.com\/wp-content\/uploads\/2025\/11\/g10.png ,https:\/\/hotelcaliforniahanoi.com\/wp-content\/uploads\/2025\/11\/g10.png 780w, https:\/\/hotelcaliforniahanoi.com\/wp-content\/uploads\/2025\/11\/g10.png 360w\" sizes=\"auto, (max-width: 480px) 150px\" src=\"https:\/\/hotelcaliforniahanoi.com\/wp-content\/uploads\/2025\/11\/g10.png\" alt=\"\" class=\"uag-image-2738\" width=\"835\" height=\"867\" title=\"g10\" loading=\"lazy\" role=\"img\"\/><\/figure><\/div>\n\n\n\n<p><\/p>\n\n\n\n<p>Kh\u00e1ch h\u00e0ng x\u00e1c nh\u1eadn l\u1ea1i th\u00f4ng tin \u0111\u1eb7t ph\u00f2ng sau \u0111\u00f3 ch\u1ecdn \u201cX\u00e1c nh\u1eadn th\u00f4ng tin \u0111\u1eb7t ch\u1ed7\u201d \u0111\u1ec3 ho\u00e0n t\u1ea5t \u0111\u1eb7t ph\u00f2ng<\/p>\n\n\n\n<div class=\"wp-block-uagb-image uagb-block-aa924a59 wp-block-uagb-image--layout-default wp-block-uagb-image--effect-static wp-block-uagb-image--align-none\"><figure class=\"wp-block-uagb-image__figure\"><img decoding=\"async\" srcset=\"https:\/\/hotelcaliforniahanoi.com\/wp-content\/uploads\/2025\/11\/g11.png ,https:\/\/hotelcaliforniahanoi.com\/wp-content\/uploads\/2025\/11\/g11.png 780w, https:\/\/hotelcaliforniahanoi.com\/wp-content\/uploads\/2025\/11\/g11.png 360w\" sizes=\"auto, (max-width: 480px) 150px\" src=\"https:\/\/hotelcaliforniahanoi.com\/wp-content\/uploads\/2025\/11\/g11.png\" alt=\"\" class=\"uag-image-2739\" width=\"876\" height=\"841\" title=\"g11\" loading=\"lazy\" role=\"img\"\/><\/figure><\/div>\n\n\n\n<p>Th\u00f4ng tin x\u00e1c nh\u1eadn \u0111\u1eb7t ph\u00f2ng s\u1ebd \u0111\u01b0\u1ee3c g\u1eedi v\u1ec1 email cho kh\u00e1ch h\u00e0ng \u0111\u1ec3 ti\u1ec7n theo d\u00f5i.<\/p>\n\n\n\n<p><\/p>","protected":false},"excerpt":{"rendered":"<p>\u30b9\u30c6\u30c3\u30d71\uff1a\u30a6\u30a7\u30d6\u30b5\u30a4\u30c8\u3078\u30a2\u30af\u30bb\u30b9 \u6b21\u306e\u30ea\u30f3\u30af\u3088\u308a\u30a6\u30a7\u30d6\u30b5\u30a4\u30c8 Hotelcaliforniahanoi.co [&hellip;]<\/p>","protected":false},"author":1,"featured_media":0,"parent":0,"menu_order":0,"comment_status":"closed","ping_status":"closed","template":"","meta":{"_uag_custom_page_level_css":"","site-sidebar-layout":"default","site-content-layout":"","ast-site-content-layout":"narrow-width-container","site-content-style":"unboxed","site-sidebar-style":"default","ast-global-header-display":"","ast-banner-title-visibility":"","ast-main-header-display":"","ast-hfb-above-header-display":"","ast-hfb-below-header-display":"","ast-hfb-mobile-header-display":"","site-post-title":"","ast-breadcrumbs-content":"","ast-featured-img":"","footer-sml-layout":"","theme-transparent-header-meta":"","adv-header-id-meta":"","stick-header-meta":"","header-above-stick-meta":"","header-main-stick-meta":"","header-below-stick-meta":"","astra-migrate-meta-layouts":"set","ast-page-background-enabled":"default","ast-page-background-meta":{"desktop":{"background-color":"var(--ast-global-color-4)","background-image":"","background-repeat":"repeat","background-position":"center center","background-size":"auto","background-attachment":"scroll","background-type":"","background-media":"","overlay-type":"","overlay-color":"","overlay-opacity":"","overlay-gradient":""},"tablet":{"background-color":"","background-image":"","background-repeat":"repeat","background-position":"center center","background-size":"auto","background-attachment":"scroll","background-type":"","background-media":"","overlay-type":"","overlay-color":"","overlay-opacity":"","overlay-gradient":""},"mobile":{"background-color":"","background-image":"","background-repeat":"repeat","background-position":"center center","background-size":"auto","background-attachment":"scroll","background-type":"","background-media":"","overlay-type":"","overlay-color":"","overlay-opacity":"","overlay-gradient":""}},"ast-content-background-meta":{"desktop":{"background-color":"var(--ast-global-color-5)","background-image":"","background-repeat":"repeat","background-position":"center center","background-size":"auto","background-attachment":"scroll","background-type":"","background-media":"","overlay-type":"","overlay-color":"","overlay-opacity":"","overlay-gradient":""},"tablet":{"background-color":"var(--ast-global-color-5)","background-image":"","background-repeat":"repeat","background-position":"center center","background-size":"auto","background-attachment":"scroll","background-type":"","background-media":"","overlay-type":"","overlay-color":"","overlay-opacity":"","overlay-gradient":""},"mobile":{"background-color":"var(--ast-global-color-5)","background-image":"","background-repeat":"repeat","background-position":"center center","background-size":"auto","background-attachment":"scroll","background-type":"","background-media":"","overlay-type":"","overlay-color":"","overlay-opacity":"","overlay-gradient":""}},"footnotes":""},"class_list":["post-2725","page","type-page","status-publish","hentry"],"uagb_featured_image_src":{"full":false,"thumbnail":false,"medium":false,"medium_large":false,"large":false,"1536x1536":false,"2048x2048":false,"trp-custom-language-flag":false},"uagb_author_info":{"display_name":"admin","author_link":"https:\/\/hotelcaliforniahanoi.com\/vi\/author\/admin\/"},"uagb_comment_info":0,"uagb_excerpt":"\u30b9\u30c6\u30c3\u30d71\uff1a\u30a6\u30a7\u30d6\u30b5\u30a4\u30c8\u3078\u30a2\u30af\u30bb\u30b9 \u6b21\u306e\u30ea\u30f3\u30af\u3088\u308a\u30a6\u30a7\u30d6\u30b5\u30a4\u30c8 Hotelcaliforniahanoi.co&hellip;","_links":{"self":[{"href":"https:\/\/hotelcaliforniahanoi.com\/vi\/wp-json\/wp\/v2\/pages\/2725","targetHints":{"allow":["GET"]}}],"collection":[{"href":"https:\/\/hotelcaliforniahanoi.com\/vi\/wp-json\/wp\/v2\/pages"}],"about":[{"href":"https:\/\/hotelcaliforniahanoi.com\/vi\/wp-json\/wp\/v2\/types\/page"}],"author":[{"embeddable":true,"href":"https:\/\/hotelcaliforniahanoi.com\/vi\/wp-json\/wp\/v2\/users\/1"}],"replies":[{"embeddable":true,"href":"https:\/\/hotelcaliforniahanoi.com\/vi\/wp-json\/wp\/v2\/comments?post=2725"}],"version-history":[{"count":6,"href":"https:\/\/hotelcaliforniahanoi.com\/vi\/wp-json\/wp\/v2\/pages\/2725\/revisions"}],"predecessor-version":[{"id":2748,"href":"https:\/\/hotelcaliforniahanoi.com\/vi\/wp-json\/wp\/v2\/pages\/2725\/revisions\/2748"}],"wp:attachment":[{"href":"https:\/\/hotelcaliforniahanoi.com\/vi\/wp-json\/wp\/v2\/media?parent=2725"}],"curies":[{"name":"wp","href":"https:\/\/api.w.org\/{rel}","templated":true}]}}