{"id":2118,"date":"2025-09-08T07:42:43","date_gmt":"2025-09-08T07:42:43","guid":{"rendered":"https:\/\/hotelcaliforniahanoi.com\/?page_id=2118"},"modified":"2025-10-24T02:27:41","modified_gmt":"2025-10-24T02:27:41","slug":"2-bedroom","status":"publish","type":"page","link":"https:\/\/hotelcaliforniahanoi.com\/vi\/2-bedroom\/","title":{"rendered":"2 ph\u00f2ng ng\u1ee7"},"content":{"rendered":"<div class=\"wp-block-uagb-container uagb-block-48ef2a71 alignfull uagb-is-root-container\"><div class=\"uagb-container-inner-blocks-wrap\">\n<div class=\"wp-block-uagb-container uagb-layout-grid uagb-block-7f826306 alignfull uagb-is-root-container\"><div class=\"uagb-container-inner-blocks-wrap\">\n<div class=\"wp-block-uagb-container uagb-block-0e400627\">\n<div class=\"wp-block-uagb-advanced-heading uagb-block-fccb81b8\"><h2 class=\"uagb-heading-text\">2-Bedroom <\/h2><p class=\"uagb-desc-text\">(92m2~97m2)<\/p><\/div>\n\n\n\n<div class=\"wp-block-uagb-advanced-heading uagb-block-a0317e58\"><h2 class=\"uagb-heading-text\"><strong>1,850,000VND~<\/strong><\/h2><p class=\"uagb-desc-text\"><strong><strong>(US$70~)<\/strong><\/strong><\/p><\/div>\n<\/div>\n\n\n\n<div class=\"wp-block-uagb-info-box uagb-block-6eae1f46 uagb-infobox__content-wrap  uagb-infobox-icon-above-title uagb-infobox-image-valign-top\"><div class=\"uagb-ifb-content\"><div class=\"uagb-ifb-title-wrap\"><h3 class=\"uagb-ifb-title\">Nh\u01b0 m\u1ed9t c\u0103n h\u1ed9 sang tr\u1ecdng \u2013 m\u1ed9t s\u1ef1 l\u1ef1a ch\u1ecdn th\u00f4ng minh.<\/h3><\/div><div class=\"uagb-ifb-separator\"><\/div><p class=\"uagb-ifb-desc translation-block\">Ph\u00f2ng r\u1ed9ng r\u00e3i, phong c\u00e1ch v\u00e0 \u0111\u01b0\u1ee3c thi\u1ebft k\u1ebf t\u1ec9 m\u1ec9 \u2013 c\u00e1c c\u0103n h\u1ed9 2 ph\u00f2ng ng\u1ee7 c\u1ee7a ch\u00fang t\u00f4i r\u1ea5t ph\u00f9 h\u1ee3p cho gia \u0111\u00ecnh ho\u1eb7c nh\u00f3m nh\u1ecf. Ngo\u00e0i ra, c\u0103n h\u1ed9 c\u00f2n c\u00f3 m\u1ed9t trong nh\u1eefng c\u1ea5u tr\u00fac ch\u1ecbu \u0111\u1ed9ng \u0111\u1ea5t hi\u1ebfm hoi \u1edf H\u00e0 N\u1ed9i, v\u00e0 t\u1ea5t nhi\u00ean, c\u00e1c nh\u00e0 v\u1ec7 sinh \u0111\u01b0\u1ee3c trang b\u1ecb b\u1ed3n c\u1ea7u Washlet \u0111\u1ec3 b\u1ea1n y\u00ean t\u00e2m. D\u00f9 l\u00e0 \u1edf l\u00e2u d\u00e0i hay ng\u1eafn h\u1ea1n, ph\u00f2ng kh\u00e1ch s\u1ea1n n\u00e0y k\u1ebft h\u1ee3p s\u1ef1 ti\u1ec7n nghi v\u00e0 tho\u1ea3i m\u00e1i trong cu\u1ed9c s\u1ed1ng h\u00e0ng ng\u00e0y v\u1edbi kh\u00f4ng gian \u0111\u01b0\u1ee3c b\u00e0i tr\u00ed \u0111\u1eb9p m\u1eaft. M\u1ed7i c\u0103n h\u1ed9 c\u00f3 m\u1ed9t ph\u00f2ng ng\u1ee7 ri\u00eang bi\u1ec7t, khu v\u1ef1c sinh ho\u1ea1t r\u1ed9ng r\u00e3i v\u00e0 b\u1ebfp \u0111\u1ea7y \u0111\u1ee7, mang \u0111\u1ebfn m\u1ed9t kh\u00f4ng gian \u0111\u1ec3 b\u1ea1n th\u01b0 gi\u00e3n v\u00e0 c\u1ea3m th\u1ea5y nh\u01b0 \u1edf nh\u00e0.<\/p><\/div><\/div>\n<\/div><\/div>\n\n\n\n<div class=\"wp-block-uagb-container uag-hide-desktop uag-hide-tab uag-hide-mob uagb-block-78d5481f alignfull uagb-is-root-container\"><div class=\"uagb-container-inner-blocks-wrap\">\n<div class=\"wp-block-uagb-info-box uagb-block-fa3d48d2 uagb-infobox__content-wrap  uagb-infobox-icon-above-title uagb-infobox-image-valign-top\"><div class=\"uagb-ifb-content\"><div class=\"uagb-ifb-icon-wrap\"><div class=\"uagb-iconbox-icon-wrap uagb-infobox-shape-circle\"><svg xmlns=\"https:\/\/www.w3.org\/2000\/svg\" viewbox=\"0 0 384 512\"><path d=\"M361 215C375.3 223.8 384 239.3 384 256C384 272.7 375.3 288.2 361 296.1L73.03 472.1C58.21 482 39.66 482.4 24.52 473.9C9.377 465.4 0 449.4 0 432V80C0 62.64 9.377 46.63 24.52 38.13C39.66 29.64 58.21 29.99 73.03 39.04L361 215z\"><\/path><\/svg><\/div><\/div><div class=\"uagb-ifb-title-wrap\"><\/div><\/div><\/div>\n<\/div><\/div>\n\n\n\n<figure class=\"wp-block-embed is-type-video is-provider-youtube wp-block-embed-youtube wp-embed-aspect-16-9 wp-has-aspect-ratio\"><div class=\"wp-block-embed__wrapper\">\n<div class=\"ast-oembed-container\" style=\"height: 100%;\"><iframe loading=\"lazy\" title=\"2 ph\u00f2ng ng\u1ee7\" width=\"500\" height=\"281\" src=\"https:\/\/www.youtube.com\/embed\/kJC6JpkN0W4?feature=oembed\" frameborder=\"0\" allow=\"accelerometer; autoplay; clipboard-write; encrypted-media; gyroscope; picture-in-picture; web-share\" referrerpolicy=\"strict-origin-when-cross-origin\" allowfullscreen><\/iframe><\/div>\n<\/div><\/figure>\n\n\n\n<figure style=\"margin-top:var(--wp--preset--spacing--50);margin-bottom:var(--wp--preset--spacing--50)\" class=\"wp-block-table\"><table class=\"has-fixed-layout\"><thead><tr><th>Danh m\u1ee5c<\/th><th>Th\u00f4ng tin<\/th><\/tr><\/thead><tbody><tr><td>Lo\u1ea1i ph\u00f2ng<\/td><td>2 Ph\u00f2ng ng\u1ee7<\/td><\/tr><tr><td>Di\u1ec7n t\u00edch<\/td><td>92m\u00b2~97m\u00b2~<\/td><\/tr><tr><td>S\u1ee9c ch\u1ee9a t\u1ed1i \u0111a<\/td><td>L\u00ean t\u1edbi 3 ng\u01b0\u1eddi<\/td><\/tr><tr><td>T\u1ea7m nh\u00ecn<\/td><td>T\u1ea7m nh\u00ecn th\u00e0nh ph\u1ed1, t\u1ea7m nh\u00ecn h\u1ed3<\/td><\/tr><tr><td>Ph\u00f2ng t\u1eafm<\/td><td>2 ph\u00f2ng t\u1eafm ri\u00eang<\/td><\/tr><tr><td>Ph\u00f2ng kh\u00e1ch<\/td><td>C\u00f3<\/td><\/tr><tr><td>B\u1ebfp<\/td><td>B\u1ebfp \u0111\u1ea7y \u0111\u1ee7 ti\u1ec7n nghi<\/td><\/tr><tr><td>Gi\u00e1 thu\u00ea (T\u00f9y ch\u1ecdn)<\/td><td>Gi\u00e1 t\u1eeb 11,500 Y\u00ean (gi\u1ea3m gi\u00e1 5% cho c\u00e1c k\u1ef3 ngh\u1ec9 t\u1eeb 2 tu\u1ea7n tr\u1edf l\u00ean, mang l\u1ea1i gi\u00e1 tr\u1ecb tuy\u1ec7t v\u1eddi)<\/td><\/tr><tr><td>B\u1eefa s\u00e1ng nh\u1eb9<\/td><td>C\u01a1m n\u1eafm, Hamburger, sandwich<\/td><\/tr><tr><td>Check-out mu\u1ed9n<\/td><td>T\u00ednh ph\u00ed 50% gi\u00e1 ph\u00f2ng \u0111\u1ebfn 6:00 PM. Sau 6:00 PM s\u1ebd t\u00ednh 100% gi\u00e1 ph\u00f2ng<\/td><\/tr><\/tbody><\/table><\/figure>\n\n\n\t\t\t\t\t<div\n\t\t\t\t\t\tclass=\"wp-block-uagb-image-gallery uagb-block-40300999\"\n\t\t\t\t\t\tstyle=\"\"\n\t\t\t\t\t>\n\t\t\t\t\t\t\t\t\t\t\t<div class=\"spectra-image-gallery spectra-image-gallery__layout--masonry spectra-image-gallery__layout--masonry-col-3 spectra-image-gallery__layout--masonry-col-tab-3 spectra-image-gallery__layout--masonry-col-mob-1\">\n\t\t\t\t\t\t\t\t\t\t\t<div class='spectra-image-gallery__media-wrapper--isotope'>\n\t\t\t\t\t\t\t<div class='spectra-image-gallery__media-wrapper' data-spectra-gallery-image-id='2377' tabindex=\"0\">\n\t\t\t\t\t\t\t<div class=\"spectra-image-gallery__media spectra-image-gallery__media--masonry\">\n\t\t\t\t<picture>\n\t\t\t\t\t<source media=\"(min-width: 1024px)\" srcset=\"https:\/\/hotelcaliforniahanoi.com\/wp-content\/uploads\/2025\/09\/DSC04198-scaled.jpg\">\n\t\t\t\t\t<source media=\"(min-width: 768px)\" srcset=\"https:\/\/hotelcaliforniahanoi.com\/wp-content\/uploads\/2025\/09\/DSC04198-1024x576.jpg\">\n\t\t\t\t\t<img decoding=\"async\" class=\"spectra-image-gallery__media-thumbnail spectra-image-gallery__media-thumbnail--masonry\" src=\"https:\/\/hotelcaliforniahanoi.com\/wp-content\/uploads\/2025\/09\/DSC04198-300x169.jpg\" alt=\"dsc04198\" loading=\"lazy\" \/>\n\t\t\t\t<\/picture>\n\t\t\t\t<div class=\"spectra-image-gallery__media-thumbnail-blurrer\"><\/div>\n\t\t\t\t\t\t\t\t\t\t\t<div class=\"spectra-image-gallery__media-thumbnail-caption-wrapper spectra-image-gallery__media-thumbnail-caption-wrapper--overlay\"><\/div>\n\t\t\t\t\t\t\t\t<\/div>\n\t\t\t\t\t\t<\/div>\n\t\t\t\t\t\t<\/div>\n\t\t\t\t\t\t<div class='spectra-image-gallery__media-wrapper--isotope'>\n\t\t\t\t\t\t\t<div class='spectra-image-gallery__media-wrapper' data-spectra-gallery-image-id='2371' tabindex=\"0\">\n\t\t\t\t\t\t\t<div class=\"spectra-image-gallery__media spectra-image-gallery__media--masonry\">\n\t\t\t\t<picture>\n\t\t\t\t\t<source media=\"(min-width: 1024px)\" srcset=\"https:\/\/hotelcaliforniahanoi.com\/wp-content\/uploads\/2025\/09\/DSC04147-scaled.jpg\">\n\t\t\t\t\t<source media=\"(min-width: 768px)\" srcset=\"https:\/\/hotelcaliforniahanoi.com\/wp-content\/uploads\/2025\/09\/DSC04147-1024x576.jpg\">\n\t\t\t\t\t<img decoding=\"async\" class=\"spectra-image-gallery__media-thumbnail spectra-image-gallery__media-thumbnail--masonry\" src=\"https:\/\/hotelcaliforniahanoi.com\/wp-content\/uploads\/2025\/09\/DSC04147-300x169.jpg\" alt=\"dsc04147\" loading=\"lazy\" \/>\n\t\t\t\t<\/picture>\n\t\t\t\t<div class=\"spectra-image-gallery__media-thumbnail-blurrer\"><\/div>\n\t\t\t\t\t\t\t\t\t\t\t<div class=\"spectra-image-gallery__media-thumbnail-caption-wrapper spectra-image-gallery__media-thumbnail-caption-wrapper--overlay\"><\/div>\n\t\t\t\t\t\t\t\t<\/div>\n\t\t\t\t\t\t<\/div>\n\t\t\t\t\t\t<\/div>\n\t\t\t\t\t\t<div class='spectra-image-gallery__media-wrapper--isotope'>\n\t\t\t\t\t\t\t<div class='spectra-image-gallery__media-wrapper' data-spectra-gallery-image-id='2373' tabindex=\"0\">\n\t\t\t\t\t\t\t<div class=\"spectra-image-gallery__media spectra-image-gallery__media--masonry\">\n\t\t\t\t<picture>\n\t\t\t\t\t<source media=\"(min-width: 1024px)\" srcset=\"https:\/\/hotelcaliforniahanoi.com\/wp-content\/uploads\/2025\/09\/DSC04161-scaled.jpg\">\n\t\t\t\t\t<source media=\"(min-width: 768px)\" srcset=\"https:\/\/hotelcaliforniahanoi.com\/wp-content\/uploads\/2025\/09\/DSC04161-1024x576.jpg\">\n\t\t\t\t\t<img decoding=\"async\" class=\"spectra-image-gallery__media-thumbnail spectra-image-gallery__media-thumbnail--masonry\" src=\"https:\/\/hotelcaliforniahanoi.com\/wp-content\/uploads\/2025\/09\/DSC04161-300x169.jpg\" alt=\"dsc04161\" loading=\"lazy\" \/>\n\t\t\t\t<\/picture>\n\t\t\t\t<div class=\"spectra-image-gallery__media-thumbnail-blurrer\"><\/div>\n\t\t\t\t\t\t\t\t\t\t\t<div class=\"spectra-image-gallery__media-thumbnail-caption-wrapper spectra-image-gallery__media-thumbnail-caption-wrapper--overlay\"><\/div>\n\t\t\t\t\t\t\t\t<\/div>\n\t\t\t\t\t\t<\/div>\n\t\t\t\t\t\t<\/div>\n\t\t\t\t\t\t<div class='spectra-image-gallery__media-wrapper--isotope'>\n\t\t\t\t\t\t\t<div class='spectra-image-gallery__media-wrapper' data-spectra-gallery-image-id='2375' tabindex=\"0\">\n\t\t\t\t\t\t\t<div class=\"spectra-image-gallery__media spectra-image-gallery__media--masonry\">\n\t\t\t\t<picture>\n\t\t\t\t\t<source media=\"(min-width: 1024px)\" srcset=\"https:\/\/hotelcaliforniahanoi.com\/wp-content\/uploads\/2025\/09\/DSC04174-1-scaled.jpg\">\n\t\t\t\t\t<source media=\"(min-width: 768px)\" srcset=\"https:\/\/hotelcaliforniahanoi.com\/wp-content\/uploads\/2025\/09\/DSC04174-1-1024x576.jpg\">\n\t\t\t\t\t<img decoding=\"async\" class=\"spectra-image-gallery__media-thumbnail spectra-image-gallery__media-thumbnail--masonry\" src=\"https:\/\/hotelcaliforniahanoi.com\/wp-content\/uploads\/2025\/09\/DSC04174-1-300x169.jpg\" alt=\"dsc04174\" loading=\"lazy\" \/>\n\t\t\t\t<\/picture>\n\t\t\t\t<div class=\"spectra-image-gallery__media-thumbnail-blurrer\"><\/div>\n\t\t\t\t\t\t\t\t\t\t\t<div class=\"spectra-image-gallery__media-thumbnail-caption-wrapper spectra-image-gallery__media-thumbnail-caption-wrapper--overlay\"><\/div>\n\t\t\t\t\t\t\t\t<\/div>\n\t\t\t\t\t\t<\/div>\n\t\t\t\t\t\t<\/div>\n\t\t\t\t\t\t<div class='spectra-image-gallery__media-wrapper--isotope'>\n\t\t\t\t\t\t\t<div class='spectra-image-gallery__media-wrapper' data-spectra-gallery-image-id='2376' tabindex=\"0\">\n\t\t\t\t\t\t\t<div class=\"spectra-image-gallery__media spectra-image-gallery__media--masonry\">\n\t\t\t\t<picture>\n\t\t\t\t\t<source media=\"(min-width: 1024px)\" srcset=\"https:\/\/hotelcaliforniahanoi.com\/wp-content\/uploads\/2025\/09\/DSC04192-1-scaled.jpg\">\n\t\t\t\t\t<source media=\"(min-width: 768px)\" srcset=\"https:\/\/hotelcaliforniahanoi.com\/wp-content\/uploads\/2025\/09\/DSC04192-1-1024x576.jpg\">\n\t\t\t\t\t<img decoding=\"async\" class=\"spectra-image-gallery__media-thumbnail spectra-image-gallery__media-thumbnail--masonry\" src=\"https:\/\/hotelcaliforniahanoi.com\/wp-content\/uploads\/2025\/09\/DSC04192-1-300x169.jpg\" alt=\"dsc04192\" loading=\"lazy\" \/>\n\t\t\t\t<\/picture>\n\t\t\t\t<div class=\"spectra-image-gallery__media-thumbnail-blurrer\"><\/div>\n\t\t\t\t\t\t\t\t\t\t\t<div class=\"spectra-image-gallery__media-thumbnail-caption-wrapper spectra-image-gallery__media-thumbnail-caption-wrapper--overlay\"><\/div>\n\t\t\t\t\t\t\t\t<\/div>\n\t\t\t\t\t\t<\/div>\n\t\t\t\t\t\t<\/div>\n\t\t\t\t\t\t<div class='spectra-image-gallery__media-wrapper--isotope'>\n\t\t\t\t\t\t\t<div class='spectra-image-gallery__media-wrapper' data-spectra-gallery-image-id='2367' tabindex=\"0\">\n\t\t\t\t\t\t\t<div class=\"spectra-image-gallery__media spectra-image-gallery__media--masonry\">\n\t\t\t\t<picture>\n\t\t\t\t\t<source media=\"(min-width: 1024px)\" srcset=\"https:\/\/hotelcaliforniahanoi.com\/wp-content\/uploads\/2025\/09\/Airbrush-OBJECT-REMOVER-1758772266185-scaled.png\">\n\t\t\t\t\t<source media=\"(min-width: 768px)\" srcset=\"https:\/\/hotelcaliforniahanoi.com\/wp-content\/uploads\/2025\/09\/Airbrush-OBJECT-REMOVER-1758772266185-1024x576.png\">\n\t\t\t\t\t<img decoding=\"async\" class=\"spectra-image-gallery__media-thumbnail spectra-image-gallery__media-thumbnail--masonry\" src=\"https:\/\/hotelcaliforniahanoi.com\/wp-content\/uploads\/2025\/09\/Airbrush-OBJECT-REMOVER-1758772266185-300x169.png\" alt=\"airbrush object remover 1758772266185\" loading=\"lazy\" \/>\n\t\t\t\t<\/picture>\n\t\t\t\t<div class=\"spectra-image-gallery__media-thumbnail-blurrer\"><\/div>\n\t\t\t\t\t\t\t\t\t\t\t<div class=\"spectra-image-gallery__media-thumbnail-caption-wrapper spectra-image-gallery__media-thumbnail-caption-wrapper--overlay\"><\/div>\n\t\t\t\t\t\t\t\t<\/div>\n\t\t\t\t\t\t<\/div>\n\t\t\t\t\t\t<\/div>\n\t\t\t\t\t\t\t\t\t\t<\/div>\n\t\t\t\t\t\t\t\t\t\t\t\t\t\t\t\t\t\t<\/div>\n\t\t\t\t\t\t\t\t\t\t\t<div class='spectra-image-gallery__control-lightbox' tabindex='0'>\n\t\t\t\t\t\t\t\t\t\t\t<div class=\"swiper spectra-image-gallery__control-lightbox--main\" dir=\"\">\n\t\t\t\t\t<div class=\"swiper-wrapper\">\n\t\t\t\t\t\t\t\t\t\t\t\t\t\n\t\t\t\t\t\t\t<div class=\"swiper-slide\">\n\t\t\t\t\t\t\t\t<img class=\"swiper-lazy\" data-src=\"https:\/\/hotelcaliforniahanoi.com\/wp-content\/uploads\/2025\/09\/DSC04198-scaled.jpg\" alt=\"dsc04198\"\/>\n\t\t\t\t\t\t\t\t<div class=\"swiper-lazy-preloader swiper-lazy-preloader-white\"><\/div>\n\t\t\t\t\t\t\t\t\t\t\t\t\t\t\t<\/div>\n\t\t\t\t\t\t\t\t\t\t\t\t\t\n\t\t\t\t\t\t\t<div class=\"swiper-slide\">\n\t\t\t\t\t\t\t\t<img class=\"swiper-lazy\" data-src=\"https:\/\/hotelcaliforniahanoi.com\/wp-content\/uploads\/2025\/09\/DSC04147-scaled.jpg\" alt=\"dsc04147\"\/>\n\t\t\t\t\t\t\t\t<div class=\"swiper-lazy-preloader swiper-lazy-preloader-white\"><\/div>\n\t\t\t\t\t\t\t\t\t\t\t\t\t\t\t<\/div>\n\t\t\t\t\t\t\t\t\t\t\t\t\t\n\t\t\t\t\t\t\t<div class=\"swiper-slide\">\n\t\t\t\t\t\t\t\t<img class=\"swiper-lazy\" data-src=\"https:\/\/hotelcaliforniahanoi.com\/wp-content\/uploads\/2025\/09\/DSC04161-scaled.jpg\" alt=\"dsc04161\"\/>\n\t\t\t\t\t\t\t\t<div class=\"swiper-lazy-preloader swiper-lazy-preloader-white\"><\/div>\n\t\t\t\t\t\t\t\t\t\t\t\t\t\t\t<\/div>\n\t\t\t\t\t\t\t\t\t\t\t\t\t\n\t\t\t\t\t\t\t<div class=\"swiper-slide\">\n\t\t\t\t\t\t\t\t<img class=\"swiper-lazy\" data-src=\"https:\/\/hotelcaliforniahanoi.com\/wp-content\/uploads\/2025\/09\/DSC04174-1-scaled.jpg\" alt=\"dsc04174\"\/>\n\t\t\t\t\t\t\t\t<div class=\"swiper-lazy-preloader swiper-lazy-preloader-white\"><\/div>\n\t\t\t\t\t\t\t\t\t\t\t\t\t\t\t<\/div>\n\t\t\t\t\t\t\t\t\t\t\t\t\t\n\t\t\t\t\t\t\t<div class=\"swiper-slide\">\n\t\t\t\t\t\t\t\t<img class=\"swiper-lazy\" data-src=\"https:\/\/hotelcaliforniahanoi.com\/wp-content\/uploads\/2025\/09\/DSC04192-1-scaled.jpg\" alt=\"dsc04192\"\/>\n\t\t\t\t\t\t\t\t<div class=\"swiper-lazy-preloader swiper-lazy-preloader-white\"><\/div>\n\t\t\t\t\t\t\t\t\t\t\t\t\t\t\t<\/div>\n\t\t\t\t\t\t\t\t\t\t\t\t\t\n\t\t\t\t\t\t\t<div class=\"swiper-slide\">\n\t\t\t\t\t\t\t\t<img class=\"swiper-lazy\" data-src=\"https:\/\/hotelcaliforniahanoi.com\/wp-content\/uploads\/2025\/09\/Airbrush-OBJECT-REMOVER-1758772266185-scaled.png\" alt=\"airbrush object remover 1758772266185\"\/>\n\t\t\t\t\t\t\t\t<div class=\"swiper-lazy-preloader swiper-lazy-preloader-white\"><\/div>\n\t\t\t\t\t\t\t\t\t\t\t\t\t\t\t<\/div>\n\t\t\t\t\t\t\t\t\t\t\t<\/div>\n\t\t\t\t\t<div class=\"swiper-button-next\"><\/div>\n\t\t\t\t\t<div class=\"swiper-button-prev\"><\/div>\n\t\t\t\t<\/div>\t\t\t\n\t\t\t\t\t\t\t\t\t\t\t\t\t\t\t\t\t\t\t\t\t\t\t\t\t\t\t\t\t\t\t\t<button class='spectra-image-gallery__control-lightbox--close' aria-label=\"Close\">\n\t\t\t\t\t\t\t\t\t\t\t\t\t<svg xmlns=\"https:\/\/www.w3.org\/2000\/svg\" viewbox= \"0 0 320 512\"><path d=\"M310.6 361.4c12.5 12.5 12.5 32.75 0 45.25C304.4 412.9 296.2 416 288 416s-16.38-3.125-22.62-9.375L160 301.3L54.63 406.6C48.38 412.9 40.19 416 32 416S15.63 412.9 9.375 406.6c-12.5-12.5-12.5-32.75 0-45.25l105.4-105.4L9.375 150.6c-12.5-12.5-12.5-32.75 0-45.25s32.75-12.5 45.25 0L160 210.8l105.4-105.4c12.5-12.5 32.75-12.5 45.25 0s12.5 32.75 0 45.25l-105.4 105.4L310.6 361.4z\"><\/path><\/svg>\n\t\t\t\t\t\t\t\t\t\t\t\t<\/button>\n\t\t\t\t\t\t\t\t\t\t\t\t\t<\/div>\n\t\t\t\t\t\t\t\t\t<\/div><\/div>","protected":false},"excerpt":{"rendered":"<p>2-Bedroom (92m2~97m2) 1,850,000VND~ (US$70~) \u9805\u76ee \u8a73\u7d30 \u90e8\u5c4b\u30bf\u30a4 [&hellip;]<\/p>","protected":false},"author":1,"featured_media":0,"parent":0,"menu_order":0,"comment_status":"closed","ping_status":"closed","template":"","meta":{"_uag_custom_page_level_css":"","site-sidebar-layout":"default","site-content-layout":"","ast-site-content-layout":"default","site-content-style":"unboxed","site-sidebar-style":"default","ast-global-header-display":"","ast-banner-title-visibility":"","ast-main-header-display":"","ast-hfb-above-header-display":"","ast-hfb-below-header-display":"","ast-hfb-mobile-header-display":"","site-post-title":"disabled","ast-breadcrumbs-content":"","ast-featured-img":"","footer-sml-layout":"","theme-transparent-header-meta":"","adv-header-id-meta":"","stick-header-meta":"","header-above-stick-meta":"","header-main-stick-meta":"","header-below-stick-meta":"","astra-migrate-meta-layouts":"set","ast-page-background-enabled":"default","ast-page-background-meta":{"desktop":{"background-color":"var(--ast-global-color-4)","background-image":"","background-repeat":"repeat","background-position":"center center","background-size":"auto","background-attachment":"scroll","background-type":"","background-media":"","overlay-type":"","overlay-color":"","overlay-opacity":"","overlay-gradient":""},"tablet":{"background-color":"","background-image":"","background-repeat":"repeat","background-position":"center center","background-size":"auto","background-attachment":"scroll","background-type":"","background-media":"","overlay-type":"","overlay-color":"","overlay-opacity":"","overlay-gradient":""},"mobile":{"background-color":"","background-image":"","background-repeat":"repeat","background-position":"center center","background-size":"auto","background-attachment":"scroll","background-type":"","background-media":"","overlay-type":"","overlay-color":"","overlay-opacity":"","overlay-gradient":""}},"ast-content-background-meta":{"desktop":{"background-color":"var(--ast-global-color-5)","background-image":"","background-repeat":"repeat","background-position":"center center","background-size":"auto","background-attachment":"scroll","background-type":"","background-media":"","overlay-type":"","overlay-color":"","overlay-opacity":"","overlay-gradient":""},"tablet":{"background-color":"var(--ast-global-color-5)","background-image":"","background-repeat":"repeat","background-position":"center center","background-size":"auto","background-attachment":"scroll","background-type":"","background-media":"","overlay-type":"","overlay-color":"","overlay-opacity":"","overlay-gradient":""},"mobile":{"background-color":"var(--ast-global-color-5)","background-image":"","background-repeat":"repeat","background-position":"center center","background-size":"auto","background-attachment":"scroll","background-type":"","background-media":"","overlay-type":"","overlay-color":"","overlay-opacity":"","overlay-gradient":""}},"footnotes":""},"class_list":["post-2118","page","type-page","status-publish","hentry"],"uagb_featured_image_src":{"full":false,"thumbnail":false,"medium":false,"medium_large":false,"large":false,"1536x1536":false,"2048x2048":false,"trp-custom-language-flag":false},"uagb_author_info":{"display_name":"admin","author_link":"https:\/\/hotelcaliforniahanoi.com\/vi\/author\/admin\/"},"uagb_comment_info":0,"uagb_excerpt":"2-Bedroom (92m2~97m2) 1,850,000VND~ (US$70~) \u9805\u76ee \u8a73\u7d30 \u90e8\u5c4b\u30bf\u30a4&hellip;","_links":{"self":[{"href":"https:\/\/hotelcaliforniahanoi.com\/vi\/wp-json\/wp\/v2\/pages\/2118","targetHints":{"allow":["GET"]}}],"collection":[{"href":"https:\/\/hotelcaliforniahanoi.com\/vi\/wp-json\/wp\/v2\/pages"}],"about":[{"href":"https:\/\/hotelcaliforniahanoi.com\/vi\/wp-json\/wp\/v2\/types\/page"}],"author":[{"embeddable":true,"href":"https:\/\/hotelcaliforniahanoi.com\/vi\/wp-json\/wp\/v2\/users\/1"}],"replies":[{"embeddable":true,"href":"https:\/\/hotelcaliforniahanoi.com\/vi\/wp-json\/wp\/v2\/comments?post=2118"}],"version-history":[{"count":40,"href":"https:\/\/hotelcaliforniahanoi.com\/vi\/wp-json\/wp\/v2\/pages\/2118\/revisions"}],"predecessor-version":[{"id":2666,"href":"https:\/\/hotelcaliforniahanoi.com\/vi\/wp-json\/wp\/v2\/pages\/2118\/revisions\/2666"}],"wp:attachment":[{"href":"https:\/\/hotelcaliforniahanoi.com\/vi\/wp-json\/wp\/v2\/media?parent=2118"}],"curies":[{"name":"wp","href":"https:\/\/api.w.org\/{rel}","templated":true}]}}