{"id":1002,"date":"2025-09-08T06:11:19","date_gmt":"2025-09-08T06:11:19","guid":{"rendered":"https:\/\/hotelcaliforniahanoi.com\/index.php\/about\/"},"modified":"2025-10-15T07:37:30","modified_gmt":"2025-10-15T07:37:30","slug":"about","status":"publish","type":"page","link":"https:\/\/hotelcaliforniahanoi.com\/vi\/about\/","title":{"rendered":"Gi\u1edbi thi\u1ec7u"},"content":{"rendered":"<div class=\"wp-block-uagb-container uagb-block-ccce76bf alignfull uagb-is-root-container\"><div class=\"uagb-container-inner-blocks-wrap\">\n<div class=\"wp-block-uagb-advanced-heading uagb-block-6e325e3e\"><h2 class=\"uagb-heading-text\">Gi\u1edbi thi\u1ec7u<\/h2><\/div>\n<\/div><\/div>\n\n\n\n<div class=\"wp-block-uagb-container uagb-block-6568695c alignfull uagb-is-root-container\"><div class=\"uagb-container-inner-blocks-wrap\">\n<div class=\"wp-block-uagb-info-box uagb-block-54a93eac uagb-infobox__content-wrap  uagb-infobox-icon-above-title uagb-infobox-image-valign-top wp-block-uagb-info-box--has-margin\"><div class=\"uagb-infobox-margin-wrapper\"><div class=\"uagb-ifb-content\"><div class=\"uagb-ifb-title-wrap\"><h2 class=\"uagb-ifb-title translation-block\">Cu\u1ed9c G\u1eb7p G\u1ee1 T\u1ea1i Kh\u00e1ch S\u1ea1n California<\/h2><\/div><div class=\"uagb-ifb-separator\"><\/div><p class=\"uagb-ifb-desc\">Kh\u00e1ch s\u1ea1n California n\u1eb1m t\u1ea1i giao l\u1ed9 gi\u1eefa c\u00e1c ph\u1ed1 Kim M\u00e3, C\u1ea7u Gi\u1ea5y v\u00e0 L\u00e1ng Th\u01b0\u1ee3ng, trong khu ph\u1ed1 Nh\u1eadt B\u1ea3n.<br>Ch\u1ec9 c\u00e1ch S\u00e2n bay N\u1ed9i B\u00e0i 30 ph\u00fat l\u00e1i xe, gi\u00fap vi\u1ec7c di chuy\u1ec3n tr\u1edf n\u00ean d\u1ec5 d\u00e0ng.<br>V\u1edbi \u0111\u1ed9i ng\u0169 nh\u00e2n vi\u00ean ng\u01b0\u1eddi Nh\u1eadt lu\u00f4n c\u00f3 m\u1eb7t, ngay c\u1ea3 kh\u00e1ch l\u1ea7n \u0111\u1ea7u \u0111\u1ebfn c\u0169ng c\u00f3 th\u1ec3 y\u00ean t\u00e2m l\u01b0u tr\u00fa.<br>Kh\u00e1ch s\u1ea1n th\u00edch h\u1ee3p cho c\u1ea3 chuy\u1ebfn c\u00f4ng t\u00e1c l\u1eabn k\u1ef3 ngh\u1ec9.<br>Ch\u00fang t\u00f4i cam k\u1ebft mang \u0111\u1ebfn d\u1ecbch v\u1ee5 tuy\u1ec7t v\u1eddi \u0111\u1ec3 kh\u00e1ch h\u00e0ng lu\u00f4n coi \u0111\u00e2y l\u00e0 \u0111i\u1ec3m \u0111\u1ebfn y\u00eau th\u00edch khi \u0111\u1ebfn H\u00e0 N\u1ed9i.<\/p><\/div><\/div><\/div>\n\n\n\t\t\t\t\t<div\n\t\t\t\t\t\tclass=\"wp-block-uagb-image-gallery uagb-block-6c0f5748\"\n\t\t\t\t\t\tstyle=\"\"\n\t\t\t\t\t>\n\t\t\t\t\t\t\t\t\t\t\t<div class=\"spectra-image-gallery spectra-image-gallery__layout--grid spectra-image-gallery__layout--grid-col-3 spectra-image-gallery__layout--grid-col-tab-2 spectra-image-gallery__layout--grid-col-mob-2\">\n\t\t\t\t\t\t\t\t\t\t\t<div class='spectra-image-gallery__media-wrapper' data-spectra-gallery-image-id='2132' tabindex=\"0\">\n\t\t\t\t\t\t\t<div class=\"spectra-image-gallery__media spectra-image-gallery__media--grid\">\n\t\t\t\t<picture>\n\t\t\t\t\t<source media=\"(min-width: 1024px)\" srcset=\"https:\/\/hotelcaliforniahanoi.com\/wp-content\/uploads\/2025\/09\/0a36daa8-135d-45f7-a3e7-735b7a315c93-scaled.jpg\">\n\t\t\t\t\t<source media=\"(min-width: 768px)\" srcset=\"https:\/\/hotelcaliforniahanoi.com\/wp-content\/uploads\/2025\/09\/0a36daa8-135d-45f7-a3e7-735b7a315c93-1024x768.jpg\">\n\t\t\t\t\t<img decoding=\"async\" class=\"spectra-image-gallery__media-thumbnail spectra-image-gallery__media-thumbnail--grid\" src=\"https:\/\/hotelcaliforniahanoi.com\/wp-content\/uploads\/2025\/09\/0a36daa8-135d-45f7-a3e7-735b7a315c93-300x225.jpg\" alt=\"0a36daa8 135d 45f7 a3e7 735b7a315c93\" loading=\"lazy\" \/>\n\t\t\t\t<\/picture>\n\t\t\t\t<div class=\"spectra-image-gallery__media-thumbnail-blurrer\"><\/div>\n\t\t\t\t\t\t\t\t\t\t\t<div class=\"spectra-image-gallery__media-thumbnail-caption-wrapper spectra-image-gallery__media-thumbnail-caption-wrapper--overlay\">\n\t\t\t\t\t\t\t\t\t\t\t<div class=\"spectra-image-gallery__media-thumbnail-caption spectra-image-gallery__media-thumbnail-caption--overlay\">\n\t\t\t\t\tNo Caption\t\t\t\t<\/div>\n\t\t\t\t\t\t\t\t\t\t<\/div>\n\t\t\t\t\t\t\t\t\t<\/div>\n\t\t\t\t\t\t<\/div>\n\t\t\t\t\t\t<div class='spectra-image-gallery__media-wrapper' data-spectra-gallery-image-id='2231' tabindex=\"0\">\n\t\t\t\t\t\t\t<div class=\"spectra-image-gallery__media spectra-image-gallery__media--grid\">\n\t\t\t\t<picture>\n\t\t\t\t\t<source media=\"(min-width: 1024px)\" srcset=\"https:\/\/hotelcaliforniahanoi.com\/wp-content\/uploads\/2025\/09\/V-Tower_facade3-scaled-1.jpg\">\n\t\t\t\t\t<source media=\"(min-width: 768px)\" srcset=\"https:\/\/hotelcaliforniahanoi.com\/wp-content\/uploads\/2025\/09\/V-Tower_facade3-scaled-1-683x1024.jpg\">\n\t\t\t\t\t<img decoding=\"async\" class=\"spectra-image-gallery__media-thumbnail spectra-image-gallery__media-thumbnail--grid\" src=\"https:\/\/hotelcaliforniahanoi.com\/wp-content\/uploads\/2025\/09\/V-Tower_facade3-scaled-1-200x300.jpg\" alt=\"v tower facade3 scaled\" loading=\"lazy\" \/>\n\t\t\t\t<\/picture>\n\t\t\t\t<div class=\"spectra-image-gallery__media-thumbnail-blurrer\"><\/div>\n\t\t\t\t\t\t\t\t\t\t\t<div class=\"spectra-image-gallery__media-thumbnail-caption-wrapper spectra-image-gallery__media-thumbnail-caption-wrapper--overlay\">\n\t\t\t\t\t\t\t\t\t\t\t<div class=\"spectra-image-gallery__media-thumbnail-caption spectra-image-gallery__media-thumbnail-caption--overlay\">\n\t\t\t\t\tNo Caption\t\t\t\t<\/div>\n\t\t\t\t\t\t\t\t\t\t<\/div>\n\t\t\t\t\t\t\t\t\t<\/div>\n\t\t\t\t\t\t<\/div>\n\t\t\t\t\t\t<div class='spectra-image-gallery__media-wrapper' data-spectra-gallery-image-id='2235' tabindex=\"0\">\n\t\t\t\t\t\t\t<div class=\"spectra-image-gallery__media spectra-image-gallery__media--grid\">\n\t\t\t\t<picture>\n\t\t\t\t\t<source media=\"(min-width: 1024px)\" srcset=\"https:\/\/hotelcaliforniahanoi.com\/wp-content\/uploads\/2025\/09\/DSC04211-scaled.jpg\">\n\t\t\t\t\t<source media=\"(min-width: 768px)\" srcset=\"https:\/\/hotelcaliforniahanoi.com\/wp-content\/uploads\/2025\/09\/DSC04211-1024x576.jpg\">\n\t\t\t\t\t<img decoding=\"async\" class=\"spectra-image-gallery__media-thumbnail spectra-image-gallery__media-thumbnail--grid\" src=\"https:\/\/hotelcaliforniahanoi.com\/wp-content\/uploads\/2025\/09\/DSC04211-300x169.jpg\" alt=\"dsc04211\" loading=\"lazy\" \/>\n\t\t\t\t<\/picture>\n\t\t\t\t<div class=\"spectra-image-gallery__media-thumbnail-blurrer\"><\/div>\n\t\t\t\t\t\t\t\t\t\t\t<div class=\"spectra-image-gallery__media-thumbnail-caption-wrapper spectra-image-gallery__media-thumbnail-caption-wrapper--overlay\">\n\t\t\t\t\t\t\t\t\t\t\t<div class=\"spectra-image-gallery__media-thumbnail-caption spectra-image-gallery__media-thumbnail-caption--overlay\">\n\t\t\t\t\tNo Caption\t\t\t\t<\/div>\n\t\t\t\t\t\t\t\t\t\t<\/div>\n\t\t\t\t\t\t\t\t\t<\/div>\n\t\t\t\t\t\t<\/div>\n\t\t\t\t\t\t\t\t\t\t<\/div>\n\t\t\t\t\t\t\t\t\t\t\t\t\t\t\t\t\t\t<\/div>\n\t\t\t\t\t\t\t\t\t\t\t<div class='spectra-image-gallery__control-lightbox' tabindex='0'>\n\t\t\t\t\t\t\t\t\t\t\t<div class=\"swiper spectra-image-gallery__control-lightbox--main\" dir=\"\">\n\t\t\t\t\t<div class=\"swiper-wrapper\">\n\t\t\t\t\t\t\t\t\t\t\t\t\t\n\t\t\t\t\t\t\t<div class=\"swiper-slide\">\n\t\t\t\t\t\t\t\t<img class=\"swiper-lazy\" data-src=\"https:\/\/hotelcaliforniahanoi.com\/wp-content\/uploads\/2025\/09\/0a36daa8-135d-45f7-a3e7-735b7a315c93-scaled.jpg\" alt=\"0a36daa8 135d 45f7 a3e7 735b7a315c93\"\/>\n\t\t\t\t\t\t\t\t<div class=\"swiper-lazy-preloader swiper-lazy-preloader-white\"><\/div>\n\t\t\t\t\t\t\t\t\t\t\t\t\t\t\t<\/div>\n\t\t\t\t\t\t\t\t\t\t\t\t\t\n\t\t\t\t\t\t\t<div class=\"swiper-slide\">\n\t\t\t\t\t\t\t\t<img class=\"swiper-lazy\" data-src=\"https:\/\/hotelcaliforniahanoi.com\/wp-content\/uploads\/2025\/09\/V-Tower_facade3-scaled-1.jpg\" alt=\"v tower facade3 scaled\"\/>\n\t\t\t\t\t\t\t\t<div class=\"swiper-lazy-preloader swiper-lazy-preloader-white\"><\/div>\n\t\t\t\t\t\t\t\t\t\t\t\t\t\t\t<\/div>\n\t\t\t\t\t\t\t\t\t\t\t\t\t\n\t\t\t\t\t\t\t<div class=\"swiper-slide\">\n\t\t\t\t\t\t\t\t<img class=\"swiper-lazy\" data-src=\"https:\/\/hotelcaliforniahanoi.com\/wp-content\/uploads\/2025\/09\/DSC04211-scaled.jpg\" alt=\"dsc04211\"\/>\n\t\t\t\t\t\t\t\t<div class=\"swiper-lazy-preloader swiper-lazy-preloader-white\"><\/div>\n\t\t\t\t\t\t\t\t\t\t\t\t\t\t\t<\/div>\n\t\t\t\t\t\t\t\t\t\t\t<\/div>\n\t\t\t\t\t<div class=\"swiper-button-next\"><\/div>\n\t\t\t\t\t<div class=\"swiper-button-prev\"><\/div>\n\t\t\t\t<\/div>\t\t\t\n\t\t\t\t\t\t\t\t\t\t\t\t\t\t\t\t\t\t\t\t\t\t\t\t\t<div class='spectra-image-gallery__control-lightbox--count'>\n\t\t\t\t\t\t\t\t\t\t\t\t\t\t\t\t\t\t\t<span class='spectra-image-gallery__control-lightbox--count-page'>1<\/span>\/<span class='spectra-image-gallery__control-lightbox--count-total'>1<\/span>\n\t\t\t\t\t\t\t\t\t\t\t\t\t\t\t\t\t\t\n\t\t\t\t\t\t\t\t<\/div>\n\t\t\t\t\t\t\t\t\t\t\t\t\t\t\t\t\t\t\t\t\t\t<button class='spectra-image-gallery__control-lightbox--close' aria-label=\"Close\">\n\t\t\t\t\t\t\t\t\t\t\t\t\t<svg xmlns=\"https:\/\/www.w3.org\/2000\/svg\" viewbox= \"0 0 320 512\"><path d=\"M310.6 361.4c12.5 12.5 12.5 32.75 0 45.25C304.4 412.9 296.2 416 288 416s-16.38-3.125-22.62-9.375L160 301.3L54.63 406.6C48.38 412.9 40.19 416 32 416S15.63 412.9 9.375 406.6c-12.5-12.5-12.5-32.75 0-45.25l105.4-105.4L9.375 150.6c-12.5-12.5-12.5-32.75 0-45.25s32.75-12.5 45.25 0L160 210.8l105.4-105.4c12.5-12.5 32.75-12.5 45.25 0s12.5 32.75 0 45.25l-105.4 105.4L310.6 361.4z\"><\/path><\/svg>\n\t\t\t\t\t\t\t\t\t\t\t\t<\/button>\n\t\t\t\t\t\t\t\t\t\t\t\t\t<\/div>\n\t\t\t\t\t\t\t\t\t\n\n\n<div class=\"wp-block-uagb-info-box uagb-block-39648808 uagb-infobox__content-wrap  uagb-infobox-icon-above-title uagb-infobox-image-valign-top\"><div class=\"uagb-ifb-content\"><div class=\"uagb-ifb-title-wrap\"><h3 class=\"uagb-ifb-title\">5 \u0110i\u1ec3m N\u1ed5i B\u1eadt C\u1ee7a Kh\u00e1ch S\u1ea1n California<\/h3><\/div><p class=\"uagb-ifb-desc translation-block\">1. Ph\u00f2ng ngh\u1ec9 tho\u1ea3i m\u00e1i cho k\u1ef3 ngh\u1ec9 d\u00e0i\u2028<br>\n\u0110\u01b0\u1ee3c thi\u1ebft k\u1ebf v\u00e0 x\u00e2y d\u1ef1ng b\u1edfi c\u00e1c c\u00f4ng ty Nh\u1eadt B\u1ea3n, ph\u00f2ng ngh\u1ec9 c\u1ee7a ch\u00fang t\u00f4i mang \u0111\u1ebfn s\u1ef1 tho\u1ea3i m\u00e1i \u0111\u01b0\u1ee3c thi\u1ebft k\u1ebf ri\u00eang cho kh\u00e1ch Nh\u1eadt. C\u00e1c ph\u00f2ng r\u1ed9ng r\u00e3i, b\u1eaft \u0111\u1ea7u t\u1eeb c\u00e1c c\u0103n h\u1ed9 1 ph\u00f2ng ng\u1ee7 c\u00f3 di\u1ec7n t\u00edch t\u1eeb 72m\u00b2. Ph\u00f2ng c\u0169ng \u0111\u01b0\u1ee3c trang b\u1ecb m\u00e1y gi\u1eb7t, r\u1ea5t ti\u1ec7n l\u1ee3i cho nh\u1eefng chuy\u1ebfn c\u00f4ng t\u00e1c d\u00e0i ng\u00e0y t\u1eeb m\u1ed9t tu\u1ea7n tr\u1edf l\u00ean. M\u1ed9t \u0111i\u1ec3m c\u1ed9ng n\u1eefa l\u00e0 b\u1ea1n c\u00f3 th\u1ec3 xem 55 k\u00eanh truy\u1ec1n h\u00ecnh Nh\u1eadt B\u1ea3n ngay trong ph\u00f2ng. Ngo\u00e0i ra, c\u1eeda s\u1ed5 c\u00e1ch \u00e2m hai l\u1edbp gi\u00fap b\u1ea1n t\u1eadn h\u01b0\u1edfng kh\u00f4ng gian y\u00ean t\u0129nh trong ph\u00f2ng, tr\u00e1nh xa s\u1ef1 \u1ed3n \u00e0o c\u1ee7a H\u00e0 N\u1ed9i. M\u1ed9t ph\u00f2ng ngh\u1ec9 tho\u1ea3i m\u00e1i \u0111ang ch\u1edd \u0111\u00f3n b\u1ea1n.\n<br>\n<br>\n2. B\u00ecnh n\u01b0\u1edbc n\u00f3ng dung t\u00edch l\u1edbn, lu\u00f4n c\u00f3 n\u01b0\u1edbc n\u00f3ng khi c\u1ea7n\u2028\u2028<br>\nSau m\u1ed9t \u0111\u00eam m\u1ec7t m\u1ecfi v\u00ec c\u00f4ng t\u00e1c ho\u1eb7c du l\u1ecbch, b\u1ea1n c\u00f3 mu\u1ed1n th\u01b0 gi\u00e3n trong m\u1ed9t b\u1ed3n t\u1eafm n\u01b0\u1edbc \u1ea5m kh\u00f4ng? T\u1ea5t c\u1ea3 c\u00e1c ph\u00f2ng t\u1ea1i Kh\u00e1ch s\u1ea1n California \u0111\u1ec1u c\u00f3 b\u1ed3n t\u1eafm. Ngo\u00e0i ra, ph\u00f2ng c\u00f2n trang b\u1ecb b\u00ecnh n\u01b0\u1edbc n\u00f3ng dung t\u00edch l\u1edbn, v\u00ec v\u1eady b\u1ea1n s\u1ebd kh\u00f4ng lo b\u1ecb h\u1ebft n\u01b0\u1edbc n\u00f3ng gi\u1eefa ch\u1eebng. B\u1ea1n c\u00f3 th\u1ec3 th\u01b0 gi\u00e3n v\u00e0 t\u1eadn h\u01b0\u1edfng b\u1ed3n t\u1eafm ngay trong ph\u00f2ng c\u1ee7a m\u00ecnh.\n<br>\n<br>\n3. Ho\u1ea1t \u0111\u1ed9ng theo phong c\u00e1ch Nh\u1eadt B\u1ea3n v\u1edbi nhi\u1ec1u kh\u00e1ch h\u00e0ng quay l\u1ea1i\u2028\u2028<br>\nQu\u1ea3n l\u00fd ng\u01b0\u1eddi Nh\u1eadt lu\u00f4n c\u00f3 m\u1eb7t t\u1ea1i kh\u00e1ch s\u1ea1n. H\u1ed7 tr\u1ee3 b\u1eb1ng ti\u1ebfng Nh\u1eadt c\u00f3 s\u1eb5n b\u1ea5t c\u1ee9 khi n\u00e0o. M\u1ed9t kh\u00f4ng gian \u1ea5m c\u00fang v\u1edbi nhi\u1ec1u kh\u00e1ch h\u00e0ng quay l\u1ea1i! B\u1eefa s\u00e1ng g\u1ed3m c\u01a1m n\u1eafm v\u00e0 c\u00e1c m\u00f3n \u0103n d\u1ec5 \u0103n kh\u00e1c.\n<br>\n<br>\n\u20284. V\u1ecb tr\u00ed thu\u1eadn ti\u1ec7n, ch\u1ec9 c\u00e1ch S\u00e2n bay N\u1ed9i B\u00e0i 30 ph\u00fat l\u00e1i xe\u2028\u2028<br>\nKh\u00e1ch s\u1ea1n c\u00f3 v\u1ecb tr\u00ed r\u1ea5t thu\u1eadn ti\u1ec7n, ch\u1ec9 c\u00e1ch S\u00e2n bay N\u1ed9i B\u00e0i 30 ph\u00fat l\u00e1i xe. Gi\u1edd nh\u1eadn ph\u00f2ng linh ho\u1ea1t 24\/7. D\u00f9 b\u1ea1n c\u00f3 \u0111\u1ebfn mu\u1ed9n tr\u00ean chuy\u1ebfn bay \u0111\u00eam, vi\u1ec7c nh\u1eadn ph\u00f2ng v\u1eabn kh\u00f4ng th\u00e0nh v\u1ea5n \u0111\u1ec1.\n<br>\n<br>\n5. C\u00e1c nh\u00e0 h\u00e0ng Nh\u1eadt B\u1ea3n v\u00e0 si\u00eau th\u1ecb Nh\u1eadt B\u1ea3n g\u1ea7n \u0111\u00f3\u2028\u2028<br>\nKh\u00e1ch s\u1ea1n California n\u1eb1m tr\u00ean \u0111\u01b0\u1eddng Kim M\u00e3 \u2013 khu ph\u1ed1 Nh\u1eadt t\u1ea1i H\u00e0 N\u1ed9i. Trong c\u00f9ng t\u00f2a nh\u00e0 c\u00f3 nhi\u1ec1u nh\u00e0 h\u00e0ng Nh\u1eadt nh\u01b0 \u201cOfukuro-tei\u201d, \u201cGyukaku\u201d, v\u00e0 nh\u00e0 h\u00e0ng sushi b\u0103ng chuy\u1ec1n \u201cSushi Tiger\u201d. Ngo\u00e0i ra, si\u00eau th\u1ecb Nh\u1eadt Tomibun ch\u1ec9 c\u00e1ch \u0111\u00f3 450m (kho\u1ea3ng 3 ph\u00fat \u0111i b\u1ed9), v\u00e0 Lotte Center c\u00e1ch 900m (kho\u1ea3ng 8 ph\u00fat \u0111i b\u1ed9), r\u1ea5t thu\u1eadn ti\u1ec7n v\u1ec1 v\u1ecb tr\u00ed.<\/p><\/div><\/div>\n<\/div><\/div>\n\n\n\n<p><\/p>","protected":false},"excerpt":{"rendered":"<p>Gi\u1edbi thi\u1ec7u<\/p>","protected":false},"author":1,"featured_media":0,"parent":0,"menu_order":0,"comment_status":"closed","ping_status":"closed","template":"","meta":{"_uag_custom_page_level_css":"","site-sidebar-layout":"no-sidebar","site-content-layout":"plain-container","ast-site-content-layout":"normal-width-container","site-content-style":"unboxed","site-sidebar-style":"unboxed","ast-global-header-display":"","ast-banner-title-visibility":"","ast-main-header-display":"","ast-hfb-above-header-display":"","ast-hfb-below-header-display":"","ast-hfb-mobile-header-display":"","site-post-title":"disabled","ast-breadcrumbs-content":"","ast-featured-img":"disabled","footer-sml-layout":"","theme-transparent-header-meta":"disabled","adv-header-id-meta":"","stick-header-meta":"","header-above-stick-meta":"","header-main-stick-meta":"","header-below-stick-meta":"","astra-migrate-meta-layouts":"set","ast-page-background-enabled":"default","ast-page-background-meta":{"desktop":{"background-color":"var(--ast-global-color-4)","background-image":"","background-repeat":"repeat","background-position":"center center","background-size":"auto","background-attachment":"scroll","background-type":"","background-media":"","overlay-type":"","overlay-color":"","overlay-opacity":"","overlay-gradient":""},"tablet":{"background-color":"","background-image":"","background-repeat":"repeat","background-position":"center center","background-size":"auto","background-attachment":"scroll","background-type":"","background-media":"","overlay-type":"","overlay-color":"","overlay-opacity":"","overlay-gradient":""},"mobile":{"background-color":"","background-image":"","background-repeat":"repeat","background-position":"center center","background-size":"auto","background-attachment":"scroll","background-type":"","background-media":"","overlay-type":"","overlay-color":"","overlay-opacity":"","overlay-gradient":""}},"ast-content-background-meta":{"desktop":{"background-color":"var(--ast-global-color-5)","background-image":"","background-repeat":"repeat","background-position":"center center","background-size":"auto","background-attachment":"scroll","background-type":"","background-media":"","overlay-type":"","overlay-color":"","overlay-opacity":"","overlay-gradient":""},"tablet":{"background-color":"var(--ast-global-color-5)","background-image":"","background-repeat":"repeat","background-position":"center center","background-size":"auto","background-attachment":"scroll","background-type":"","background-media":"","overlay-type":"","overlay-color":"","overlay-opacity":"","overlay-gradient":""},"mobile":{"background-color":"var(--ast-global-color-5)","background-image":"","background-repeat":"repeat","background-position":"center center","background-size":"auto","background-attachment":"scroll","background-type":"","background-media":"","overlay-type":"","overlay-color":"","overlay-opacity":"","overlay-gradient":""}},"footnotes":""},"class_list":["post-1002","page","type-page","status-publish","hentry"],"uagb_featured_image_src":{"full":false,"thumbnail":false,"medium":false,"medium_large":false,"large":false,"1536x1536":false,"2048x2048":false,"trp-custom-language-flag":false},"uagb_author_info":{"display_name":"admin","author_link":"https:\/\/hotelcaliforniahanoi.com\/vi\/author\/admin\/"},"uagb_comment_info":0,"uagb_excerpt":"\u79c1\u9054\u306b\u3064\u3044\u3066","_links":{"self":[{"href":"https:\/\/hotelcaliforniahanoi.com\/vi\/wp-json\/wp\/v2\/pages\/1002","targetHints":{"allow":["GET"]}}],"collection":[{"href":"https:\/\/hotelcaliforniahanoi.com\/vi\/wp-json\/wp\/v2\/pages"}],"about":[{"href":"https:\/\/hotelcaliforniahanoi.com\/vi\/wp-json\/wp\/v2\/types\/page"}],"author":[{"embeddable":true,"href":"https:\/\/hotelcaliforniahanoi.com\/vi\/wp-json\/wp\/v2\/users\/1"}],"replies":[{"embeddable":true,"href":"https:\/\/hotelcaliforniahanoi.com\/vi\/wp-json\/wp\/v2\/comments?post=1002"}],"version-history":[{"count":31,"href":"https:\/\/hotelcaliforniahanoi.com\/vi\/wp-json\/wp\/v2\/pages\/1002\/revisions"}],"predecessor-version":[{"id":2596,"href":"https:\/\/hotelcaliforniahanoi.com\/vi\/wp-json\/wp\/v2\/pages\/1002\/revisions\/2596"}],"wp:attachment":[{"href":"https:\/\/hotelcaliforniahanoi.com\/vi\/wp-json\/wp\/v2\/media?parent=1002"}],"curies":[{"name":"wp","href":"https:\/\/api.w.org\/{rel}","templated":true}]}}